{"id":5625,"date":"2023-10-20T15:47:15","date_gmt":"2023-10-20T13:47:15","guid":{"rendered":"https:\/\/appel-a-projet-sos-malakoffhumanis.com\/?page_id=5625"},"modified":"2025-11-07T11:14:41","modified_gmt":"2025-11-07T10:14:41","slug":"le-jury","status":"publish","type":"page","link":"https:\/\/appel-a-projet-sos-malakoffhumanis.com\/plus-de-care-contre-le-cancer\/le-jury\/","title":{"rendered":"Le jury"},"content":{"rendered":"<p style=\"text-align: center;\">La conduite de cet Appel \u00e0 projets sera encadr\u00e9e par 4 experts qui en seront \u00e9galement jury<\/p>\n<a href=\"https:\/\/appel-a-projet-sos-malakoffhumanis.com\/plus-de-care-contre-le-cancer\/le-jury\/jury-aap-mh-plateforme\/\" rel=\"attachment wp-att-7025\"><img loading=\"lazy\" decoding=\"async\" class=\"size-full wp-image-7025 aligncenter\" src=\"https:\/\/appel-a-projet-sos-malakoffhumanis.com\/wp-content\/uploads\/2025\/11\/Jury-AAP-MH-Plateforme.png\" alt=\"\" width=\"1172\" height=\"440\" srcset=\"https:\/\/appel-a-projet-sos-malakoffhumanis.com\/wp-content\/uploads\/2025\/11\/Jury-AAP-MH-Plateforme.png 1172w, https:\/\/appel-a-projet-sos-malakoffhumanis.com\/wp-content\/uploads\/2025\/11\/Jury-AAP-MH-Plateforme-300x113.png 300w, https:\/\/appel-a-projet-sos-malakoffhumanis.com\/wp-content\/uploads\/2025\/11\/Jury-AAP-MH-Plateforme-1024x384.png 1024w, https:\/\/appel-a-projet-sos-malakoffhumanis.com\/wp-content\/uploads\/2025\/11\/Jury-AAP-MH-Plateforme-768x288.png 768w\" sizes=\"auto, (max-width: 1172px) 100vw, 1172px\" \/><\/a>\n<p>&nbsp;<\/p>\n","protected":false},"excerpt":{"rendered":"<p>La conduite de cet Appel \u00e0 projets sera encadr\u00e9e par 4 experts qui en seront \u00e9galement jury &nbsp;<\/p>\n","protected":false},"author":1072,"featured_media":0,"parent":0,"menu_order":0,"comment_status":"closed","ping_status":"closed","template":"","meta":{"footnotes":""},"class_list":["post-5625","page","type-page","status-publish","hentry"],"acf":[],"_links":{"self":[{"href":"https:\/\/appel-a-projet-sos-malakoffhumanis.com\/plus-de-care-contre-le-cancer\/wp-json\/wp\/v2\/pages\/5625","targetHints":{"allow":["GET"]}}],"collection":[{"href":"https:\/\/appel-a-projet-sos-malakoffhumanis.com\/plus-de-care-contre-le-cancer\/wp-json\/wp\/v2\/pages"}],"about":[{"href":"https:\/\/appel-a-projet-sos-malakoffhumanis.com\/plus-de-care-contre-le-cancer\/wp-json\/wp\/v2\/types\/page"}],"author":[{"embeddable":true,"href":"https:\/\/appel-a-projet-sos-malakoffhumanis.com\/plus-de-care-contre-le-cancer\/wp-json\/wp\/v2\/users\/1072"}],"replies":[{"embeddable":true,"href":"https:\/\/appel-a-projet-sos-malakoffhumanis.com\/plus-de-care-contre-le-cancer\/wp-json\/wp\/v2\/comments?post=5625"}],"version-history":[{"count":10,"href":"https:\/\/appel-a-projet-sos-malakoffhumanis.com\/plus-de-care-contre-le-cancer\/wp-json\/wp\/v2\/pages\/5625\/revisions"}],"predecessor-version":[{"id":7044,"href":"https:\/\/appel-a-projet-sos-malakoffhumanis.com\/plus-de-care-contre-le-cancer\/wp-json\/wp\/v2\/pages\/5625\/revisions\/7044"}],"wp:attachment":[{"href":"https:\/\/appel-a-projet-sos-malakoffhumanis.com\/plus-de-care-contre-le-cancer\/wp-json\/wp\/v2\/media?parent=5625"}],"curies":[{"name":"wp","href":"https:\/\/api.w.org\/{rel}","templated":true}]}}