{"id":5583,"date":"2023-10-05T17:57:21","date_gmt":"2023-10-05T15:57:21","guid":{"rendered":"https:\/\/appel-a-projet-sos-malakoffhumanis.com\/?page_id=5583"},"modified":"2025-11-07T11:15:42","modified_gmt":"2025-11-07T10:15:42","slug":"le-reglement-de-lappel-a-projets","status":"publish","type":"page","link":"https:\/\/appel-a-projet-sos-malakoffhumanis.com\/plus-de-care-contre-le-cancer\/le-reglement-de-lappel-a-projets\/","title":{"rendered":"Le r\u00e8glement de l&rsquo;appel \u00e0 projets"},"content":{"rendered":"<div style=\"text-align: justify;\">\n<h2><strong>Article 1 &#8211; Contexte<\/strong><\/h2>\n<p>Malakoff Humanis a choisi 4 th\u00e9matiques (handicap, cancer, aidants, bien vieillir) sur lesquelles il veut faire progresser la soci\u00e9t\u00e9.<\/p>\n<p>Cette ann\u00e9e, le groupe a choisi de mettre l\u2019accent <strong>sur le cancer et le sujet qu\u2019il d\u00e9fend : l\u2019acc\u00e8s aux soins de support en canc\u00e9rologie \u00e0 tous les malades pendant et apr\u00e8s la maladie<\/strong>. Malakoff Humanis devient le principal m\u00e9c\u00e8ne des soins de support en canc\u00e9rologie et d\u00e9fend la n\u00e9cessit\u00e9 de l\u2019acc\u00e8s \u00e0 ces soins\u00a0: <strong>pour Plus De Care Contre Le Cancer.<\/strong><\/p>\n<p>L\u2019impact du cancer n\u2019est jamais seulement organique il atteint souvent la personne toute enti\u00e8re. Il appelle donc une forme particuli\u00e8re d\u2019attention et de soin. L\u2019urgence biologique ne doit pas faire oublier que la gu\u00e9rison ou la r\u00e9mission se fait aussi en prenant soin de la souffrance psychologique et physique et de l\u2019identit\u00e9 meurtrie du patient.\u00a0 Nous sommes convaincus et nous en sommes pas les seuls, que <strong>les soins de support sont des soins \u00e0 part enti\u00e8re, ils ne sont ni secondaires, ni optionnels<\/strong>. On consid\u00e8re les soins de support comme \u00ab l\u2019ensemble des soins et soutiens n\u00e9cessaires aux personnes malades tout au long de la maladie conjointement aux traitements onco-h\u00e9mato sp\u00e9cifiques, lorsqu\u2019il y en a<a href=\"#_ftn1\" name=\"_ftnref1\">[1]<\/a>\u00a0\u00bb. Ils participent \u00e0 supporter les traitements, ils permettent aux patients de prendre soin d\u2019eux, de se r\u00e9approprier leur corps, de rompre l\u2019isolement, bref de vivre mieux. Ils contribuent ainsi \u00e0 la r\u00e9mission, la gu\u00e9rison puis \u00e0 la vie apr\u00e8s le cancer.<\/p>\n<p>Dans ce cadre, Malakoff Humanis 2 lance en octobre 2025 <strong>l\u2019appel \u00e0 projets <em>Plus De Care Contre Le Cancer\u00a0<\/em><\/strong>d\u00e9di\u00e9 aux soins de support en canc\u00e9rologie, pour contribuer \u00e0 <strong>optimiser la qualit\u00e9 de vie et la vie sociale des personnes atteintes de cancer<\/strong>.<\/p>\n<p>Cet appel \u00e0 projets est cibl\u00e9 sur l\u2019ensemble des populations touch\u00e9es par le cancer.<\/p>\n<p>&nbsp;<\/p>\n<h2><strong>Article 2 &#8211; Objectifs et sp\u00e9cificit\u00e9s de l&rsquo;appel \u00e0 projets\u00a0<\/strong><\/h2>\n<p>&nbsp;<\/p>\n<p>L\u2019appel \u00e0 projets 2025 <em>Plus De Care Contre Le Cancer<\/em> de Malakoff Humanis vise \u00e0 transformer le parcours de soins des personnes atteintes de cancer pour optimiser la qualit\u00e9 de vie et la vie sociale.<\/p>\n<p>Cet appel \u00e0 projets a pour ambition d\u2019accompagner des projets qui contribuent au d\u00e9veloppement d\u2019une offre de soins de support de qualit\u00e9, \u00e9volutive et qui soit accessible au plus grand nombre.<\/p>\n<p>En effet, l\u2019objectif aujourd\u2019hui, c\u2019est que chaque patient atteint de cancer en France, puisse acc\u00e9der quel que soit son territoire, quel que soit ses moyens, quel que soit son \u00e2ge, \u00e0 l\u2019ensemble des traitements et des prises en charge qui lui apporte la m\u00eame chance de gu\u00e9rison et la m\u00eame qualit\u00e9 de vie.<\/p>\n<p>Plus pr\u00e9cis\u00e9ment les projets qui seront soutenus par Malakoff Humanis dans le cadre de son engagement soci\u00e9tal cancer auront pour objectif de :<\/p>\n<ul>\n<li><strong>Donner acc\u00e8s aux soins de supports<\/strong> et notamment \u00e0 des populations particuli\u00e8rement vuln\u00e9rables et\/ou isol\u00e9es.<\/li>\n<li><strong>Permettre aux patients de supporter et mieux r\u00e9pondre aux traitements<\/strong>.<\/li>\n<li><strong>D\u00e9montrer la pertinence de certaines pratiques non m\u00e9dicamenteuses<\/strong> pour lesquelles la preuve de l\u2019efficacit\u00e9 n\u2019est pas encore \u00e9tablie.<\/li>\n<\/ul>\n<p>Les projets retenus auront pour b\u00e9n\u00e9ficiaires\u00a0l\u2019ensemble des populations touch\u00e9es par le cancer.<\/p>\n<p>Une m\u00eame structure peut proposer plusieurs projets mais un seul projet sera s\u00e9lectionn\u00e9.<\/p>\n<p>&nbsp;<\/p>\n<h2><strong>Article 3 &#8211; Crit\u00e8res d&rsquo;\u00e9ligibilit\u00e9<\/strong><\/h2>\n<p>&nbsp;<\/p>\n<p><strong>Peuvent candidater \u00e0 L\u2019appel \u00e0 projets les personnes morales suivantes \u00a0:<\/strong><\/p>\n<ul>\n<li>D\u2019une part les organismes d\u2019int\u00e9r\u00eat g\u00e9n\u00e9ral \u00e0 but non lucratif\n<ul>\n<li>Les associations de patients<\/li>\n<li>Les associations de professionnels de sant\u00e9<\/li>\n<li>Les fondations.<\/li>\n<\/ul>\n<\/li>\n<li>D\u2019autre part les autres acteurs de l\u2019\u00e9cosyst\u00e8me cancer fran\u00e7ais, \u00e0 savoir (liste exhaustive) :\n<ul>\n<li>Les \u00e9tablissements de prise en charge du cancer (h\u00f4pitaux publics, ESPIC, cliniques priv\u00e9es)<\/li>\n<li>Les organismes institutionnels engag\u00e9s dans la lutte contre le cancer (collectivit\u00e9s territoriales, laboratoires de recherche \u2026)<\/li>\n<li>Les organismes priv\u00e9s intervenant sur le cancer (startups, entreprises).<\/li>\n<\/ul>\n<\/li>\n<\/ul>\n<p>Les candidats porteurs de projets sont des organismes (personnes morales) exer\u00e7ant leurs activit\u00e9s sur le territoire fran\u00e7ais (M\u00e9tropole et DOM TOM).<\/p>\n<p>\u00c0 travers cet appel \u00e0 projets, Malakoff Humanis portera une attention particuli\u00e8re aux coop\u00e9rations entre acteurs engag\u00e9s autour d\u2019un projet commun. Les acteurs r\u00e9unis devront s\u2019\u00eatre organis\u00e9s au pr\u00e9alable sur leurs modalit\u00e9s de partenariat.<\/p>\n<p>Les projets port\u00e9s par les organismes d\u2019int\u00e9r\u00eat g\u00e9n\u00e9ral \u00e0 but non lucratif devront au travers de cet appel \u00e0 projets\u00a0:<\/p>\n<ul>\n<li>\u00eatre soit en phase de <strong>consolidation apr\u00e8s une premi\u00e8re exp\u00e9rimentation r\u00e9ussie<\/strong> soit en phase de <strong>changement d\u2019\u00e9chelle,<\/strong><\/li>\n<li>mettre en avant une <strong>innovation sociale<\/strong> qui apporte une nouvelle r\u00e9ponse aux besoins en termes d\u2019acc\u00e8s aux soins oncologiques de support ou renforcer une r\u00e9ponse innovante d\u00e9j\u00e0 existante.<\/li>\n<li>\u00eatre <strong>duplicables \/ essaimables.<\/strong><\/li>\n<\/ul>\n<p>&nbsp;<\/p>\n<p>Les projets qu\u2019ils soient port\u00e9s par les les organismes d\u2019int\u00e9r\u00eat g\u00e9n\u00e9ral \u00e0 but non lucratif tout comme les autres acteurs de l\u2019\u00e9cosyst\u00e8me cancer fran\u00e7ais sont <strong>destin\u00e9s aux cibles suivantes :<\/strong><\/p>\n<ol>\n<li>Personnes concern\u00e9es (tous types de cancer) :<\/li>\n<\/ol>\n<ul>\n<li style=\"list-style-type: none;\">\n<ul>\n<li>Patients atteints du cancer,<\/li>\n<li>Enfants, adolescents &amp; jeunes adultes, adultes<\/li>\n<li>Personnes \u00e2g\u00e9es : seniors, supers seniors.<\/li>\n<\/ul>\n<\/li>\n<\/ul>\n<ol start=\"2\">\n<li>Aidants et familles des personnes concern\u00e9es,<\/li>\n<li>Professionnels de sant\u00e9 et praticiens soins de support.<\/li>\n<\/ol>\n<p><strong>Seront exclus, de mani\u00e8re non exhaustive\u00a0:<\/strong><\/p>\n<ul>\n<li>Les projets de type \u00e9v\u00e8nementiel,<\/li>\n<li>Les projets de recherche se caract\u00e9risant par :\n<ul>\n<li>une finalit\u00e9 exploratoire ou exp\u00e9rimentale, sans objectif direct de mise en \u0153uvre \u00e0 court terme\u00a0;<\/li>\n<li>une m\u00e9thodologie scientifique fond\u00e9e sur l\u2019exp\u00e9rimentation, l\u2019observation ou l\u2019analyse th\u00e9orique\u00a0;<\/li>\n<li>la production de r\u00e9sultats de recherches (articles, publications, \u00e9tudes, rapports techniques) destin\u00e9es \u00e0 la communaut\u00e9 scientifique ou acad\u00e9mique\u00a0:<\/li>\n<li>un financement ou un partenariat universitaire ou de type R&amp;D<\/li>\n<\/ul>\n<\/li>\n<li>Les \u00e9tudes de faisabilit\u00e9 ou de march\u00e9 pr\u00e9alable \u00e0 la mise en place du projet<\/li>\n<li>Les projets dont la demande porte uniquement sur de l\u2019achat de mat\u00e9riel<\/li>\n<li>Les projets dont la demande porte sur du financement de b\u00e2timents.<\/li>\n<\/ul>\n<p>&nbsp;<\/p>\n<p>Les projets r\u00e9pondants \u00e0 ces crit\u00e8res seront \u00e9galement \u00e9valu\u00e9s sur la <strong>qualit\u00e9 du Plan de financement pr\u00e9sent\u00e9.<\/strong> Le candidat devra d\u00e9montrer sa capacit\u00e9 \u00e0 mobiliser des financements divers, Malakoff Humanis n\u2019intervenant pas forc\u00e9ment sur le financement total du projet.<\/p>\n<p><strong>En cas de s\u00e9lection de projets, la subvention accord\u00e9e \u00e0 chacun des laur\u00e9ats pourra uniquement \u00eatre affect\u00e9e \u00e0 des d\u00e9penses:<\/strong><\/p>\n<ul>\n<li>D\u2019investissement (financement d\u2019\u00e9quipement uniquement dans le cadre d\u2019un projet plus global)<\/li>\n<li>D\u2019ing\u00e9nierie (conception et mise en \u0153uvre des actions)<\/li>\n<li>De fonctionnement (salaires des praticiens en charge des soins de support non pris en charge par l\u2019Assurance Maladie \u2026)<\/li>\n<li>De formation<\/li>\n<\/ul>\n<p>Concernant le financement des \u00e9quivalents temps plein (ETP) li\u00e9s \u00e0 la r\u00e9alisation du projet, le budget pr\u00e9sent\u00e9 ne devra faire figurer le co\u00fbt de l\u2019ETP en tant que tel mais le co\u00fbt des actions r\u00e9alis\u00e9es par les ETP.<\/p>\n<p>&nbsp;<\/p>\n<h2>Article 4 &#8211; Modalit\u00e9s de s\u00e9lection des projets<\/h2>\n<p>&nbsp;<\/p>\n<p>Les dossiers seront instruits et pr\u00e9-sectionn\u00e9s par Malakoff Humanis avec l\u2019appui technique de expert dans la prise en charge du cancer. Malakoff Humanis s\u2019appuiera sur un comit\u00e9 d\u2019experts constitu\u00e9 dans le cadre de la mise en \u0153uvre de cet appel \u00e0 projets.<\/p>\n<p>&nbsp;<\/p>\n<p>La s\u00e9lection des projets se fera en plusieurs \u00e9tapes :<\/p>\n<p><strong>\u00a0<\/strong><strong>Phase 1 :<\/strong> les candidats porteurs de projet seront amen\u00e9s \u00e0 r\u00e9pondre \u00e0 un dossier de candidature disponible sur le site internet de l\u2019appel \u00e0 projets.<\/p>\n<p>A l\u2019issue de cette premi\u00e8re phase, une pr\u00e9-s\u00e9lection d\u2019une vingtaine de dossiers sera faite\u00a0:<\/p>\n<ul>\n<li><strong><u>De 10 \u00e0 20 dossiers port\u00e9s par des organismes d\u2019int\u00e9r\u00eat g\u00e9n\u00e9ral \u00e0 but non lucratif<\/u><\/strong>\n<ul>\n<li>Les associations de patients<\/li>\n<li>Les associations de professionnels de sant\u00e9<\/li>\n<li>Les fondations,<\/li>\n<\/ul>\n<\/li>\n<li><strong><u>De 10 \u00e0 20 dossiers port\u00e9s par les autres acteurs de l\u2019\u00e9cosyst\u00e8me cancer fran\u00e7ais, \u00e0 savoir<\/u>\u00a0<\/strong>:<\/li>\n<\/ul>\n<ul>\n<li style=\"list-style-type: none;\">\n<ul>\n<li>Les \u00e9tablissements de prise en charge du cancer (h\u00f4pitaux publics, ESPIC, cliniques priv\u00e9es)<\/li>\n<li>Les organismes institutionnels engag\u00e9s dans la lutte contre le cancer (INCa, ARS, collectivit\u00e9s territoriales, laboratoires de recherche \u2026)<\/li>\n<li>Les organismes priv\u00e9s intervenant sur le cancer (startups, entreprises).<\/li>\n<\/ul>\n<\/li>\n<\/ul>\n<p><strong>\u00a0<\/strong><strong>Phase 2 :<\/strong> Les projets pr\u00e9s\u00e9lectionn\u00e9s seront pr\u00e9sent\u00e9s au comit\u00e9 d\u2019experts.<\/p>\n<p>Le comit\u00e9 d\u2019experts est compos\u00e9 de quatre membres\u00a0:<\/p>\n<ul>\n<li>L\u00e9a Moukanas, pr\u00e9sidente de l\u2019association AIDA<\/li>\n<li>Isabelle Fromantin, infirmi\u00e8re-chercheuse de l\u2019Institut Curie<\/li>\n<li>Damien Baldin, directeur g\u00e9n\u00e9ral de La France s\u2019Engage<\/li>\n<li>Florian Scott\u00e9, pr\u00e9sident de la soci\u00e9t\u00e9 savante MASCC et oncologue m\u00e9dical \u00e0 Gustave Roussy.<\/li>\n<\/ul>\n<p><strong>Phase 3 :<\/strong> le comit\u00e9 d\u2019experts statuera sur les laur\u00e9ats. A l\u2019issue de la d\u00e9lib\u00e9ration 8 \u00e0 12 laur\u00e9ats seront s\u00e9lectionn\u00e9s ; cette s\u00e9lection sera d\u00e9finitivement valid\u00e9e par les instances de Malakoff Humanis, qui se tiendra en avril 2026.<\/p>\n<p>Les crit\u00e8res suivants seront d\u00e9terminants dans le choix des projets :<\/p>\n<ul>\n<li>Caract\u00e8re innovant de la solution<\/li>\n<li>Impact\u00a0mesurable sur la qualit\u00e9 de vie des personnes, sur l\u2019augmentation de la dur\u00e9e de vie, la diminution des r\u00e9cidives, la diminution de la dur\u00e9e des arr\u00eats de travail<\/li>\n<li>Pertinence des modalit\u00e9s d\u2019\u00e9valuation de la r\u00e9ussite du projet au regard des objectifs fix\u00e9s, bas\u00e9es sur des \u00e9l\u00e9ments mesurables<\/li>\n<li>Expertise de l\u2019\u00e9quipe projet sur les probl\u00e9matiques de la sant\u00e9 et de l\u2019emploi des personnes atteintes du cancer. Pluridisciplinarit\u00e9 des acteurs.<\/li>\n<li>Participation des patients atteints du cancer \u00e0 l\u2019\u00e9laboration du projet<\/li>\n<li>Coop\u00e9ration entre acteurs du territoire dans une approche de coalition pour co-construire l\u2019innovation<\/li>\n<li>Mod\u00e8le \u00e9conomique viable et p\u00e9renne<\/li>\n<li>Perspectives d\u2019essaimage.<\/li>\n<\/ul>\n<p>&nbsp;<\/p>\n<h2><strong>Article 5 &#8211; Dotation\u00a0<\/strong><\/h2>\n<p>La dotation globale de l\u2019appel \u00e0 projets est de 1,2 million euros (un million deux cent mille euros) co-financ\u00e9 par l\u2019Action Sociale Retraite (MHAA) et Malakoff Humanis innovation Sant\u00e9.<\/p>\n<p>Elle se composera de 2 volets :<\/p>\n<ul>\n<li>600\u00a0000 euros (six cent mille euros) \u00e0 destination des organismes d\u2019int\u00e9r\u00eat g\u00e9n\u00e9ral \u00e0 but non lucratif (associations de patients, associations de professionnels de sant\u00e9, fondation, etc).<\/li>\n<li>600\u00a0000 euros (six cent mille euros) \u00e0 destination des autres acteurs de l\u2019\u00e9cosyst\u00e8me cancer (\u00e9tablissements de prise en charge du cancer, organismes institutionnels, organismes priv\u00e9s intervenants sur le cancer).<\/li>\n<\/ul>\n<p><strong>Et le cas \u00e9ch\u00e9ant pour des organismes d\u2019int\u00e9r\u00eat g\u00e9n\u00e9ral \u00e0 but non lucratif et en fonction de leur projet , un soutien extra-financier <\/strong>: en exemple, faciliter la r\u00e9alisation des projets de changement d\u2019\u00e9chelle, les consolider ou les lancer dans de bonnes conditions.<\/p>\n<p>&nbsp;<\/p>\n<h2><strong>Article 6 &#8211; Modalit\u00e9 de participation<\/strong><\/h2>\n<p>Pour que sa candidature soit recevable le candidat porteur de projet devra compl\u00e9ter en ligne le formulaire avant le 26 janvier 2026 \u00e0 23h59 ici : https:\/\/appel-a-projet-sos-malakoffhumanis.com\/plus-de-care-contre-le-cancer\/deposer-mon-projet\/<\/p>\n<p>&nbsp;<\/p>\n<p>Une candidature ne sera valid\u00e9e qu\u2019une fois que le formulaire de candidature en ligne sera complet, plan de financement inclus. Toute candidature laiss\u00e9e en \u00ab\u00a0brouillon\u00a0\u00bb et non soumis \u00e0 temps ne sera pas prise en compte et donc pas pr\u00e9sent\u00e9e au jury final. Les porteurs de projets recevront par mail un accus\u00e9 de r\u00e9ception du dossier, puis, \u00e0 l&rsquo;issue de l&rsquo;instruction des projets, un avis de d\u00e9cision.<\/p>\n<p>Malakoff Humanis se r\u00e9serve le droit de demander des justificatifs compl\u00e9mentaires lors de l\u2019\u00e9tude des projets.<\/p>\n<p>&nbsp;<\/p>\n<h2><strong>Article 7 &#8211; Modalit\u00e9s de mise en oeuvre de l&rsquo;appel \u00e0 projets<\/strong><\/h2>\n<p><u>Calendrier de l\u2019appel \u00e0 projets<\/u><\/p>\n<ul>\n<li>Lundi 10 novembre 2025 : lancement de l&rsquo;appel \u00e0 projets<\/li>\n<li>26 janvier 2026 \u00e0 23h59 : Cl\u00f4ture de l&rsquo;appel \u00e0 projets<\/li>\n<li>F\u00e9vrier 2026 : Analyse et pr\u00e9-s\u00e9lection des dossiers<\/li>\n<li>Mars 2026 : Vote du Comit\u00e9 d\u2019expert<\/li>\n<li>Avril 2026 : R\u00e9union du Conseil d\u2019Administration Agirc-Arco pour les dossiers port\u00e9s par les organismes d\u2019int\u00e9r\u00eat g\u00e9n\u00e9ral \u00e0 but non lucratif et r\u00e9union du Conseil d\u2019Administration MHIS pour les projets port\u00e9s par des autres acteurs de l\u2019\u00e9cosyst\u00e8me cancer<\/li>\n<li>Mai 2026 : Annonce des laur\u00e9ats<\/li>\n<\/ul>\n<p>Il est ici pr\u00e9cis\u00e9 que les organisateurs se r\u00e9servent le droit \u00e0 tout moment de prolonger, de modifier, de reporter ou d\u2019annuler le pr\u00e9sent appel \u00e0 projets ainsi que l\u2019ensemble des modalit\u00e9s aff\u00e9rentes, sans que leur responsabilit\u00e9 ne puisse \u00eatre engag\u00e9e de quelle que mani\u00e8re que ce soit.<\/p>\n<p>&nbsp;<\/p>\n<h2><strong>Article 8 &#8211; Engagements de Malakoff Humanis et du porteur du projet laur\u00e9at<\/strong><\/h2>\n<p>Malakoff Humanis et son prestataire de services COMM Sant\u00e9 s\u2019engagent \u00e0 respecter la plus totale confidentialit\u00e9 concernant les porteurs de projets, le contenu des projets propos\u00e9s, les avis et les r\u00e9sultats d\u00e9finitifs jusqu\u2019\u00e0 leur communication des projets laur\u00e9ats par Malakoff Humanis.<\/p>\n<p>Le soutien des projets laur\u00e9ats sera formalis\u00e9 par une convention sign\u00e9e entre le porteur de projet et Malakoff Humanis, pr\u00e9cisant notamment les engagements des parties en termes de versement et d\u2019usage des fonds et concernant la promotion et le suivi du projet.<\/p>\n<p>&nbsp;<\/p>\n<h2><strong>Article 9 &#8211; Acceptation du r\u00e8glement\u00a0<\/strong><\/h2>\n<p>Le d\u00e9p\u00f4t d\u2019un dossier de participation \u00e0 l\u2019appel \u00e0 projets entra\u00eene l\u2019acceptation pleine et enti\u00e8re du pr\u00e9sent r\u00e8glement par le porteur de projet.<\/p>\n<p>&nbsp;<\/p>\n<p>&nbsp;<\/p>\n<p>&nbsp;<\/p>\n<p><a href=\"#_ftnref1\" name=\"_ftn1\">(1)<\/a>\u00a0<a href=\"http:\/\/social-sante.gouv.fr\/fichiers\/bo\/2005\/05-03\/a0030034.htm\">Circulaire N\u00b0DHOS\/SDO\/2005\/101 du 22 f\u00e9vrier 2005 relative \u00e0 l\u2019organisation des soins en canc\u00e9rologie.<\/a><\/p>\n<p>(2) Les entit\u00e9s du groupe Malakoff Humanis qui lancent cet AAP sont : <strong>Malakoff Humanis Innovation Sant\u00e9 (MHIS<\/strong>), association r\u00e9gie par la loi du 1er juillet 1901, SIREN 810 437\u00a0962, et Malakoff Humanis ARGIC ARRCO, Malakoff Humanis Agirc Arrco<strong> (MHAA),<\/strong> Institution de retraite compl\u00e9mentaire r\u00e9gie par le code de la s\u00e9curit\u00e9 sociale, membre de la f\u00e9d\u00e9ration Agirc-Arrco, SIREN 877 849\u00a0265. Toutes deux ayant leur si\u00e8ge social situ\u00e9 21 rue Laffitte &#8211; 75009 Paris,<\/p>\n<p>&nbsp;<\/p>\n<p>&nbsp;<\/p>\n<\/div>\n","protected":false},"excerpt":{"rendered":"<p>Article 1 &#8211; Contexte Malakoff Humanis a choisi 4 th\u00e9matiques (handicap, cancer, aidants, bien vieillir) sur lesquelles il veut faire progresser la soci\u00e9t\u00e9. Cette ann\u00e9e, le groupe a choisi de mettre l\u2019accent sur le cancer et le sujet qu\u2019il d\u00e9fend : l\u2019acc\u00e8s aux soins de support en canc\u00e9rologie \u00e0 tous les malades pendant et apr\u00e8s [&hellip;]<\/p>\n","protected":false},"author":1072,"featured_media":0,"parent":0,"menu_order":0,"comment_status":"closed","ping_status":"closed","template":"","meta":{"footnotes":""},"class_list":["post-5583","page","type-page","status-publish","hentry"],"acf":[],"_links":{"self":[{"href":"https:\/\/appel-a-projet-sos-malakoffhumanis.com\/plus-de-care-contre-le-cancer\/wp-json\/wp\/v2\/pages\/5583","targetHints":{"allow":["GET"]}}],"collection":[{"href":"https:\/\/appel-a-projet-sos-malakoffhumanis.com\/plus-de-care-contre-le-cancer\/wp-json\/wp\/v2\/pages"}],"about":[{"href":"https:\/\/appel-a-projet-sos-malakoffhumanis.com\/plus-de-care-contre-le-cancer\/wp-json\/wp\/v2\/types\/page"}],"author":[{"embeddable":true,"href":"https:\/\/appel-a-projet-sos-malakoffhumanis.com\/plus-de-care-contre-le-cancer\/wp-json\/wp\/v2\/users\/1072"}],"replies":[{"embeddable":true,"href":"https:\/\/appel-a-projet-sos-malakoffhumanis.com\/plus-de-care-contre-le-cancer\/wp-json\/wp\/v2\/comments?post=5583"}],"version-history":[{"count":36,"href":"https:\/\/appel-a-projet-sos-malakoffhumanis.com\/plus-de-care-contre-le-cancer\/wp-json\/wp\/v2\/pages\/5583\/revisions"}],"predecessor-version":[{"id":7045,"href":"https:\/\/appel-a-projet-sos-malakoffhumanis.com\/plus-de-care-contre-le-cancer\/wp-json\/wp\/v2\/pages\/5583\/revisions\/7045"}],"wp:attachment":[{"href":"https:\/\/appel-a-projet-sos-malakoffhumanis.com\/plus-de-care-contre-le-cancer\/wp-json\/wp\/v2\/media?parent=5583"}],"curies":[{"name":"wp","href":"https:\/\/api.w.org\/{rel}","templated":true}]}}