{"id":37,"date":"2021-05-04T11:09:34","date_gmt":"2021-05-04T09:09:34","guid":{"rendered":"https:\/\/appel-a-projet-sos-malakoffhumanis.com\/member-login\/"},"modified":"2021-05-12T13:37:28","modified_gmt":"2021-05-12T11:37:28","slug":"member-login","status":"publish","type":"page","link":"https:\/\/appel-a-projet-sos-malakoffhumanis.com\/plus-de-care-contre-le-cancer\/member-login\/","title":{"rendered":"Connexion"},"content":{"rendered":"<div class=\"login-form-container box\">\n        <h2>Se connecter<\/h2>\n    <!-- Show errors if there are any -->\n        <!-- Show logged out message if user just logged out -->\n                <form name=\"loginform\" id=\"loginform\" action=\"https:\/\/appel-a-projet-sos-malakoffhumanis.com\/wp-login.php\" method=\"post\"><p class=\"login-username\">\n\t\t\t\t<label for=\"user_login\">Adresse e-mail<\/label>\n\t\t\t\t<input type=\"text\" name=\"log\" id=\"user_login\" autocomplete=\"username\" class=\"input\" value=\"\" size=\"20\" \/>\n\t\t\t<\/p><p class=\"login-password\">\n\t\t\t\t<label for=\"user_pass\">Mot de passe<\/label>\n\t\t\t\t<input type=\"password\" name=\"pwd\" id=\"user_pass\" autocomplete=\"current-password\" spellcheck=\"false\" class=\"input\" value=\"\" size=\"20\" \/>\n\t\t\t<\/p><p class=\"rgpd\"><input type=\"checkbox\" tabindex=\"20\" size=\"20\" value=\"\" class=\"input\" id=\"rgpd\" name=\"rgpd\" required><label for=\"rgpd\">J'accepte les conditions g\u00e9n\u00e9rales de l'Appel \u00e0 Projets.<\/label><\/p><p class=\"login-remember\"><label><input name=\"rememberme\" type=\"checkbox\" id=\"rememberme\" value=\"forever\" \/> Se souvenir de moi<\/label><\/p><p class=\"login-submit\">\n\t\t\t\t<input type=\"submit\" name=\"wp-submit\" id=\"wp-submit\" class=\"button button-primary\" value=\"Connexion\" \/>\n\t\t\t\t<input type=\"hidden\" name=\"redirect_to\" value=\"\" \/>\n\t\t\t<\/p><\/form>    <ul class=\"links\">\n                    <li><a class=\"forgot-password\" href=\"https:\/\/appel-a-projet-sos-malakoffhumanis.com\/wp-login.php?action=lostpassword\">\n            Mot de passe oubli\u00e9 ?        <\/a><\/li>\n        <\/ul>\n<\/div>\n           \n","protected":false},"excerpt":{"rendered":"","protected":false},"author":1072,"featured_media":0,"parent":0,"menu_order":0,"comment_status":"closed","ping_status":"closed","template":"member.php","meta":{"footnotes":""},"class_list":["post-37","page","type-page","status-publish","hentry"],"acf":[],"_links":{"self":[{"href":"https:\/\/appel-a-projet-sos-malakoffhumanis.com\/plus-de-care-contre-le-cancer\/wp-json\/wp\/v2\/pages\/37","targetHints":{"allow":["GET"]}}],"collection":[{"href":"https:\/\/appel-a-projet-sos-malakoffhumanis.com\/plus-de-care-contre-le-cancer\/wp-json\/wp\/v2\/pages"}],"about":[{"href":"https:\/\/appel-a-projet-sos-malakoffhumanis.com\/plus-de-care-contre-le-cancer\/wp-json\/wp\/v2\/types\/page"}],"author":[{"embeddable":true,"href":"https:\/\/appel-a-projet-sos-malakoffhumanis.com\/plus-de-care-contre-le-cancer\/wp-json\/wp\/v2\/users\/1072"}],"replies":[{"embeddable":true,"href":"https:\/\/appel-a-projet-sos-malakoffhumanis.com\/plus-de-care-contre-le-cancer\/wp-json\/wp\/v2\/comments?post=37"}],"version-history":[{"count":1,"href":"https:\/\/appel-a-projet-sos-malakoffhumanis.com\/plus-de-care-contre-le-cancer\/wp-json\/wp\/v2\/pages\/37\/revisions"}],"predecessor-version":[{"id":178,"href":"https:\/\/appel-a-projet-sos-malakoffhumanis.com\/plus-de-care-contre-le-cancer\/wp-json\/wp\/v2\/pages\/37\/revisions\/178"}],"wp:attachment":[{"href":"https:\/\/appel-a-projet-sos-malakoffhumanis.com\/plus-de-care-contre-le-cancer\/wp-json\/wp\/v2\/media?parent=37"}],"curies":[{"name":"wp","href":"https:\/\/api.w.org\/{rel}","templated":true}]}}