{"id":2,"date":"2021-05-03T08:33:17","date_gmt":"2021-05-03T06:33:17","guid":{"rendered":"https:\/\/appel-a-projet-sos-malakoffhumanis.com\/?page_id=2"},"modified":"2026-04-08T11:16:00","modified_gmt":"2026-04-08T09:16:00","slug":"accueil","status":"publish","type":"page","link":"https:\/\/appel-a-projet-sos-malakoffhumanis.com\/plus-de-care-contre-le-cancer\/","title":{"rendered":"Accueil"},"content":{"rendered":"<h1 style=\"text-align: center;\"><span style=\"color: #ff0000;\">Rendez-vous le 24 juin pour l&rsquo;annonce des laur\u00e9ats de l&rsquo;Appel \u00e0 projets !<\/span><\/h1>\n<h1><\/h1>\n<h1><\/h1>\n<h1 style=\"text-align: center;\"><span style=\"color: #000000;\">Transformer le parcours de soins des personnes atteintes de cancer <b>pour optimiser la qualit\u00e9 de vie et l&rsquo;efficacit\u00e9 des traitements<\/b><\/span><\/h1>\n<p>&nbsp;<\/p>\n<p>Malakoff Humanis a choisi 4 th\u00e9matiques (handicap, cancer, aidants, bien vieillir) sur lesquelles il veut faire progresser la soci\u00e9t\u00e9.<\/p>\n<p>Cette ann\u00e9e, le groupe a choisi de mettre l\u2019accent <strong>sur le cancer et le sujet qu\u2019il d\u00e9fend\u00a0: l\u2019acc\u00e8s aux soins de support oncologique \u00e0 tous les malades pendant et apr\u00e8s la maladie<\/strong>. Malakoff Humanis devient le principal m\u00e9c\u00e8ne des soins de support en canc\u00e9rologie et d\u00e9fend la n\u00e9cessit\u00e9 de l\u2019acc\u00e8s \u00e0 ces soins\u00a0: <strong>pour plus de care contre le cancer.<\/strong><\/p>\n<p>L\u2019impact du cancer n\u2019est jamais seulement organique il atteint souvent la personne toute enti\u00e8re. Il appelle donc une forme particuli\u00e8re d\u2019attention et de soin. L\u2019urgence biologique ne doit pas faire oublier que la gu\u00e9rison ou la r\u00e9mission se fait aussi en prenant soin de la souffrance psychologique et physique et de l\u2019identit\u00e9 meurtrie du patient.\u00a0 Nous sommes convaincus et nous en sommes pas les seuls, que <strong>les soins de support sont des soins \u00e0 part enti\u00e8re, ils ne sont ni secondaires, ni optionnels<\/strong>. On consid\u00e8re les soins de supports comme \u00ab l\u2019ensemble des soins et soutiens n\u00e9cessaires aux personnes malades tout au long de la maladie conjointement aux traitements onco-h\u00e9mato sp\u00e9cifiques, lorsqu\u2019il y en a<a href=\"#_ftn1\" name=\"_ftnref1\">(1)<\/a>\u00a0\u00bb. Ils participent \u00e0 supporter les traitements, ils permettent aux patients de prendre soin d\u2019eux, de se r\u00e9approprier leur corps, de rompre l\u2019isolement, bref de vivre mieux. Ils contribuent ainsi \u00e0 la r\u00e9mission, la gu\u00e9rison puis \u00e0 la vie apr\u00e8s le cancer.<\/p>\n<p>Dans ce cadre, Malakoff Humanis(2) lance en novembre 2025 <strong>l\u2019appel \u00e0 projets <em>Plus De Care Contre Le Cancer\u00a0<\/em><\/strong>d\u00e9di\u00e9 aux soins de support en canc\u00e9rologie, pour contribuer \u00e0 <strong>optimiser la qualit\u00e9 de vie et la vie sociale des personnes atteintes de cancer<\/strong>.<\/p>\n<p>Cet appel \u00e0 projets est cibl\u00e9 sur l\u2019ensemble des populations touch\u00e9es par le cancer.<\/p>\n<p><a href=\"#_ftnref1\" name=\"_ftn1\">[1]<\/a> <a href=\"http:\/\/social-sante.gouv.fr\/fichiers\/bo\/2005\/05-03\/a0030034.htm\">Circulaire N\u00b0DHOS\/SDO\/2005\/101 du 22 f\u00e9vrier 2005 relative \u00e0 l\u2019organisation des soins en canc\u00e9rologie.<\/a><\/p>\n<p>2 Les entit\u00e9s du groupe Malakoff Humanis qui lancent cet AAP sont\u00a0: <strong>Malakoff Humanis Innovation Sant\u00e9 (MHIS<\/strong>), association r\u00e9gie par la loi du 1er juillet 1901, SIREN 810 437\u00a0962, et Malakoff Humanis ARGIC ARRCO, Malakoff Humanis Agirc Arrco<strong> (MHAA),<\/strong> Institution de retraite compl\u00e9mentaire r\u00e9gie par le code de la s\u00e9curit\u00e9 sociale, membre de la f\u00e9d\u00e9ration Agirc-Arrco, SIREN 877 849\u00a0265. Toutes deux ayant leur si\u00e8ge social situ\u00e9 21 rue Laffitte &#8211; 75009 Paris,<\/p>\n<p>&nbsp;<\/p>\n<p>&nbsp;<\/p>\n","protected":false},"excerpt":{"rendered":"<p>Rendez-vous le 24 juin pour l&rsquo;annonce des laur\u00e9ats de l&rsquo;Appel \u00e0 projets ! Transformer le parcours de soins des personnes atteintes de cancer pour optimiser la qualit\u00e9 de vie et l&rsquo;efficacit\u00e9 des traitements &nbsp; Malakoff Humanis a choisi 4 th\u00e9matiques (handicap, cancer, aidants, bien vieillir) sur lesquelles il veut faire progresser la soci\u00e9t\u00e9. Cette ann\u00e9e, [&hellip;]<\/p>\n","protected":false},"author":1072,"featured_media":0,"parent":0,"menu_order":0,"comment_status":"closed","ping_status":"closed","template":"","meta":{"footnotes":""},"class_list":["post-2","page","type-page","status-publish","hentry"],"acf":[],"_links":{"self":[{"href":"https:\/\/appel-a-projet-sos-malakoffhumanis.com\/plus-de-care-contre-le-cancer\/wp-json\/wp\/v2\/pages\/2","targetHints":{"allow":["GET"]}}],"collection":[{"href":"https:\/\/appel-a-projet-sos-malakoffhumanis.com\/plus-de-care-contre-le-cancer\/wp-json\/wp\/v2\/pages"}],"about":[{"href":"https:\/\/appel-a-projet-sos-malakoffhumanis.com\/plus-de-care-contre-le-cancer\/wp-json\/wp\/v2\/types\/page"}],"author":[{"embeddable":true,"href":"https:\/\/appel-a-projet-sos-malakoffhumanis.com\/plus-de-care-contre-le-cancer\/wp-json\/wp\/v2\/users\/1072"}],"replies":[{"embeddable":true,"href":"https:\/\/appel-a-projet-sos-malakoffhumanis.com\/plus-de-care-contre-le-cancer\/wp-json\/wp\/v2\/comments?post=2"}],"version-history":[{"count":186,"href":"https:\/\/appel-a-projet-sos-malakoffhumanis.com\/plus-de-care-contre-le-cancer\/wp-json\/wp\/v2\/pages\/2\/revisions"}],"predecessor-version":[{"id":8759,"href":"https:\/\/appel-a-projet-sos-malakoffhumanis.com\/plus-de-care-contre-le-cancer\/wp-json\/wp\/v2\/pages\/2\/revisions\/8759"}],"wp:attachment":[{"href":"https:\/\/appel-a-projet-sos-malakoffhumanis.com\/plus-de-care-contre-le-cancer\/wp-json\/wp\/v2\/media?parent=2"}],"curies":[{"name":"wp","href":"https:\/\/api.w.org\/{rel}","templated":true}]}}